{"id":9,"date":"2025-05-21T12:06:23","date_gmt":"2025-05-21T12:06:23","guid":{"rendered":"http:\/\/dolatcafeteria.com\/?page_id=9"},"modified":"2025-08-01T07:38:04","modified_gmt":"2025-08-01T07:38:04","slug":"inicio","status":"publish","type":"page","link":"https:\/\/dolatcafeteria.com\/","title":{"rendered":"Inicio"},"content":{"rendered":"<p>[et_pb_section fb_built=\u00bb1&#8243; admin_label=\u00bbsection\u00bb _builder_version=\u00bb4.27.4&#8243; background_image=\u00bbhttp:\/\/dolatcafeteria.com\/wp-content\/uploads\/2025\/05\/1-5.png\u00bb custom_padding=\u00bb15%||15%||true|false\u00bb global_colors_info=\u00bb{}\u00bb][\/et_pb_section][et_pb_section fb_built=\u00bb1&#8243; _builder_version=\u00bb4.27.4&#8243; _module_preset=\u00bbdefault\u00bb global_colors_info=\u00bb{}\u00bb][et_pb_row _builder_version=\u00bb4.27.4&#8243; _module_preset=\u00bbdefault\u00bb global_colors_info=\u00bb{}\u00bb][et_pb_column type=\u00bb4_4&#8243; _builder_version=\u00bb4.27.4&#8243; _module_preset=\u00bbdefault\u00bb global_colors_info=\u00bb{}\u00bb][et_pb_text _builder_version=\u00bb4.27.4&#8243; _module_preset=\u00bbdefault\u00bb header_font=\u00bb|600|||||||\u00bb header_text_align=\u00bbcenter\u00bb header_text_color=\u00bb#000000&#8243; header_line_height=\u00bb2em\u00bb header_2_font=\u00bb|600|||||||\u00bb header_2_text_color=\u00bb#000000&#8243; header_2_line_height=\u00bb2em\u00bb header_3_font=\u00bb|600|||||||\u00bb header_3_font_size=\u00bb14px\u00bb header_3_line_height=\u00bb1.5em\u00bb global_colors_info=\u00bb{}\u00bb]<\/p>\n<h1 data-start=\"62\" data-end=\"140\" class=\"\"><strong data-start=\"64\" data-end=\"140\">Dolat Cafeter\u00eda<\/strong><\/h1>\n<h2 data-start=\"62\" data-end=\"140\"><strong data-start=\"64\" data-end=\"140\">Tu bar cafeter\u00eda de confianza en Torrevieja (Alicante)<\/strong><\/h2>\n<p data-start=\"142\" data-end=\"516\" class=\"\">En <strong data-start=\"145\" data-end=\"164\">Dolat Cafeter\u00eda<\/strong>, te ofrecemos un espacio acogedor y familiar donde disfrutar de <strong data-start=\"229\" data-end=\"301\">desayunos, caf\u00e9s, tapas y comidas caseras en el centro de Torrevieja<\/strong>. Ubicados en <strong data-start=\"315\" data-end=\"393\">Urb. Pueblo Centro, Manzana IV, N\u00ba 12, Pta. D, 03183 Torrevieja (Alicante)<\/strong>, somos el punto de encuentro ideal para quienes buscan calidad, buen ambiente y atenci\u00f3n cercana a cualquier hora del d\u00eda.<\/p>\n<p data-start=\"518\" data-end=\"856\" class=\"\">Nuestra propuesta combina tradici\u00f3n y sencillez con un servicio r\u00e1pido y profesional, adaptado a quienes viven, trabajan o est\u00e1n de paso por Torrevieja. Ya sea para un desayuno completo, un caf\u00e9 a media ma\u00f1ana o una tapa al mediod\u00eda, en <strong data-start=\"755\" data-end=\"774\">Dolat Cafeter\u00eda<\/strong> encontrar\u00e1s siempre un trato amable y platos elaborados con ingredientes frescos.<\/p>\n<p data-start=\"858\" data-end=\"1087\" class=\"\">\ud83d\udccd <strong data-start=\"861\" data-end=\"883\">Zona de actuaci\u00f3n:<\/strong> Atendemos a clientes de <strong data-start=\"908\" data-end=\"984\">Torrevieja centro, La Mata, Aguas Nuevas, Nueva Torrevieja y alrededores<\/strong>, consolid\u00e1ndonos como una de las cafeter\u00edas y bares con mejor valoraci\u00f3n por su cercan\u00eda y constancia.<\/p>\n<h2 data-start=\"1089\" data-end=\"1138\"><strong data-start=\"1092\" data-end=\"1138\">Servicios de Dolat Cafeter\u00eda en Torrevieja<\/strong><\/h2>\n<h3 data-start=\"1142\" data-end=\"1244\"><strong data-start=\"1142\" data-end=\"1164\">Caf\u00e9s e infusiones<\/strong><\/h3>\n<p data-start=\"1142\" data-end=\"1244\">Caf\u00e9 reci\u00e9n molido, capuchinos, t\u00e9s y bebidas calientes, servidos al gusto.<\/p>\n<h3 data-start=\"1247\" data-end=\"1354\"><strong data-start=\"1247\" data-end=\"1270\">Desayunos completos<\/strong><\/h3>\n<p data-start=\"1247\" data-end=\"1354\">Tostadas con tomate, jam\u00f3n, mantequilla, mermelada, boller\u00eda y zumos naturales.<\/p>\n<h3 data-start=\"1357\" data-end=\"1465\"><strong data-start=\"1357\" data-end=\"1388\">Bocadillos y tapas variadas<\/strong><\/h3>\n<p data-start=\"1357\" data-end=\"1465\">Elaborados al momento con embutidos, quesos, tortillas, croquetas y m\u00e1s.<\/p>\n<h3 data-start=\"1468\" data-end=\"1589\"><strong data-start=\"1468\" data-end=\"1501\">Platos caseros y men\u00fa del d\u00eda<\/strong><\/h3>\n<p data-start=\"1468\" data-end=\"1589\">Comida sencilla, equilibrada y hecha con mimo, perfecta para la pausa del mediod\u00eda.<\/p>\n<h3 data-start=\"1592\" data-end=\"1700\"><strong data-start=\"1592\" data-end=\"1620\">Bebidas fr\u00edas y cervezas<\/strong><\/h3>\n<p data-start=\"1592\" data-end=\"1700\">Refrescos, cervezas, combinados y vinos para acompa\u00f1ar tus tapas o comidas.<\/p>\n<h3 data-start=\"1703\" data-end=\"1824\"><strong data-start=\"1703\" data-end=\"1741\">Ambiente cercano y servicio r\u00e1pido<\/strong><\/h3>\n<p data-start=\"1703\" data-end=\"1824\">Ideal para desayunos tranquilos, almuerzos de trabajo o encuentros informales.<\/p>\n<h2 data-start=\"1826\" data-end=\"1863\"><strong data-start=\"1829\" data-end=\"1863\">Por qu\u00e9 elegir Dolat Cafeter\u00eda<\/strong><\/h2>\n<h3 data-start=\"1867\" data-end=\"1901\">Cocina sencilla con sabor casero<\/h3>\n<h3 data-start=\"1904\" data-end=\"1951\">Ingredientes frescos y atenci\u00f3n personalizada<\/h3>\n<h3 data-start=\"1954\" data-end=\"2002\">Excelente ubicaci\u00f3n en el centro de Torrevieja<\/h3>\n<h3 data-start=\"2005\" data-end=\"2058\">Variedad de opciones para cualquier momento del d\u00eda<\/h3>\n<h3 data-start=\"2061\" data-end=\"2095\">Precios ajustados y trato amable<\/h3>\n<h2 data-start=\"2097\" data-end=\"2150\"><strong data-start=\"2100\" data-end=\"2150\">Vis\u00edtanos y disfruta de tu cafeter\u00eda de barrio<\/strong><\/h2>\n<p data-start=\"2152\" data-end=\"2312\" class=\"\">Si est\u00e1s buscando una <strong data-start=\"2174\" data-end=\"2207\">cafeter\u00eda o bar en Torrevieja<\/strong> donde comer bien, sentirte como en casa y recibir una atenci\u00f3n cercana, <strong data-start=\"2280\" data-end=\"2299\">Dolat Cafeter\u00eda<\/strong> es tu lugar.<\/p>\n<p data-start=\"2314\" data-end=\"2407\" class=\"\">\ud83d\udccd <strong data-start=\"2317\" data-end=\"2407\">Estamos en Urb. Pueblo Centro, Manzana IV, N\u00ba 12, Pta. D, 03183 Torrevieja (Alicante).<\/strong><\/p>\n<p data-start=\"2409\" data-end=\"2490\" class=\"\"><strong data-start=\"2409\" data-end=\"2490\" data-is-last-node=\"\">Dolat Cafeter\u00eda, el sabor de siempre en tu barrio de confianza en Torrevieja.<\/strong><\/p>\n<p>[\/et_pb_text][\/et_pb_column][\/et_pb_row][et_pb_row _builder_version=\u00bb4.27.4&#8243; _module_preset=\u00bbdefault\u00bb global_colors_info=\u00bb{}\u00bb][et_pb_column type=\u00bb4_4&#8243; _builder_version=\u00bb4.27.4&#8243; _module_preset=\u00bbdefault\u00bb global_colors_info=\u00bb{}\u00bb][et_pb_image src=\u00bbhttp:\/\/dolatcafeteria.com\/wp-content\/uploads\/2025\/05\/3-4.png\u00bb alt=\u00bbcaf\u00e9\u00bb title_text=\u00bbcaf\u00e9 desayuno\u00bb _builder_version=\u00bb4.27.4&#8243; _module_preset=\u00bbdefault\u00bb global_colors_info=\u00bb{}\u00bb][\/et_pb_image][\/et_pb_column][\/et_pb_row][et_pb_row _builder_version=\u00bb4.27.4&#8243; _module_preset=\u00bbdefault\u00bb global_colors_info=\u00bb{}\u00bb][et_pb_column type=\u00bb4_4&#8243; _builder_version=\u00bb4.27.4&#8243; _module_preset=\u00bbdefault\u00bb global_colors_info=\u00bb{}\u00bb][et_pb_contact_form captcha=\u00bboff\u00bb email=\u00bbinfo@dolcafeteria.com\u00bb title=\u00bbContacto\u00bb _builder_version=\u00bb4.27.4&#8243; _module_preset=\u00bbdefault\u00bb _unique_id=\u00bb5dc4f3ed-fbcb-4e4a-a071-1af7321e4d80&#8243; form_field_text_color=\u00bb#000000&#8243; form_field_focus_text_color=\u00bb#000000&#8243; title_text_color=\u00bb#000000&#8243; form_field_text_align=\u00bbleft\u00bb custom_button=\u00bbon\u00bb button_text_color=\u00bb#000000&#8243; button_font=\u00bb|600|||||||\u00bb text_orientation=\u00bbcenter\u00bb global_colors_info=\u00bb{}\u00bb][et_pb_contact_field field_id=\u00bbName\u00bb field_title=\u00bbNombre\u00bb _builder_version=\u00bb4.16&#8243; global_colors_info=\u00bb{}\u00bb button_text_size__hover_enabled=\u00bboff\u00bb button_one_text_size__hover_enabled=\u00bboff\u00bb button_two_text_size__hover_enabled=\u00bboff\u00bb button_text_color__hover_enabled=\u00bboff\u00bb button_one_text_color__hover_enabled=\u00bboff\u00bb button_two_text_color__hover_enabled=\u00bboff\u00bb button_border_width__hover_enabled=\u00bboff\u00bb button_one_border_width__hover_enabled=\u00bboff\u00bb button_two_border_width__hover_enabled=\u00bboff\u00bb button_border_color__hover_enabled=\u00bboff\u00bb button_one_border_color__hover_enabled=\u00bboff\u00bb button_two_border_color__hover_enabled=\u00bboff\u00bb button_border_radius__hover_enabled=\u00bboff\u00bb button_one_border_radius__hover_enabled=\u00bboff\u00bb button_two_border_radius__hover_enabled=\u00bboff\u00bb button_letter_spacing__hover_enabled=\u00bboff\u00bb button_one_letter_spacing__hover_enabled=\u00bboff\u00bb button_two_letter_spacing__hover_enabled=\u00bboff\u00bb button_bg_color__hover_enabled=\u00bboff\u00bb button_one_bg_color__hover_enabled=\u00bboff\u00bb button_two_bg_color__hover_enabled=\u00bboff\u00bb][\/et_pb_contact_field][et_pb_contact_field field_id=\u00bbEmail\u00bb field_title=\u00bbDirecci\u00f3n de correo electr\u00f3nico\u00bb field_type=\u00bbemail\u00bb _builder_version=\u00bb4.16&#8243; global_colors_info=\u00bb{}\u00bb button_text_size__hover_enabled=\u00bboff\u00bb button_one_text_size__hover_enabled=\u00bboff\u00bb button_two_text_size__hover_enabled=\u00bboff\u00bb button_text_color__hover_enabled=\u00bboff\u00bb button_one_text_color__hover_enabled=\u00bboff\u00bb button_two_text_color__hover_enabled=\u00bboff\u00bb button_border_width__hover_enabled=\u00bboff\u00bb button_one_border_width__hover_enabled=\u00bboff\u00bb button_two_border_width__hover_enabled=\u00bboff\u00bb button_border_color__hover_enabled=\u00bboff\u00bb button_one_border_color__hover_enabled=\u00bboff\u00bb button_two_border_color__hover_enabled=\u00bboff\u00bb button_border_radius__hover_enabled=\u00bboff\u00bb button_one_border_radius__hover_enabled=\u00bboff\u00bb button_two_border_radius__hover_enabled=\u00bboff\u00bb button_letter_spacing__hover_enabled=\u00bboff\u00bb button_one_letter_spacing__hover_enabled=\u00bboff\u00bb button_two_letter_spacing__hover_enabled=\u00bboff\u00bb button_bg_color__hover_enabled=\u00bboff\u00bb button_one_bg_color__hover_enabled=\u00bboff\u00bb button_two_bg_color__hover_enabled=\u00bboff\u00bb][\/et_pb_contact_field][et_pb_contact_field field_id=\u00bbPhone\u00bb field_title=\u00bbTel\u00e9fono\u00bb fullwidth_field=\u00bbon\u00bb _builder_version=\u00bb4.27.4&#8243; _module_preset=\u00bbdefault\u00bb global_colors_info=\u00bb{}\u00bb][\/et_pb_contact_field][et_pb_contact_field field_id=\u00bbMessage\u00bb field_title=\u00bbMensaje\u00bb field_type=\u00bbtext\u00bb fullwidth_field=\u00bbon\u00bb _builder_version=\u00bb4.16&#8243; global_colors_info=\u00bb{}\u00bb button_text_size__hover_enabled=\u00bboff\u00bb button_one_text_size__hover_enabled=\u00bboff\u00bb button_two_text_size__hover_enabled=\u00bboff\u00bb button_text_color__hover_enabled=\u00bboff\u00bb button_one_text_color__hover_enabled=\u00bboff\u00bb button_two_text_color__hover_enabled=\u00bboff\u00bb button_border_width__hover_enabled=\u00bboff\u00bb button_one_border_width__hover_enabled=\u00bboff\u00bb button_two_border_width__hover_enabled=\u00bboff\u00bb button_border_color__hover_enabled=\u00bboff\u00bb button_one_border_color__hover_enabled=\u00bboff\u00bb button_two_border_color__hover_enabled=\u00bboff\u00bb button_border_radius__hover_enabled=\u00bboff\u00bb button_one_border_radius__hover_enabled=\u00bboff\u00bb button_two_border_radius__hover_enabled=\u00bboff\u00bb button_letter_spacing__hover_enabled=\u00bboff\u00bb button_one_letter_spacing__hover_enabled=\u00bboff\u00bb button_two_letter_spacing__hover_enabled=\u00bboff\u00bb button_bg_color__hover_enabled=\u00bboff\u00bb button_one_bg_color__hover_enabled=\u00bboff\u00bb button_two_bg_color__hover_enabled=\u00bboff\u00bb][\/et_pb_contact_field][et_pb_contact_field field_id=\u00bbVerificaci\u00f3n\u00bb field_title=\u00bbPol\u00edtica de privacidad\u00bb field_type=\u00bbcheckbox\u00bb checkbox_options=\u00bb%91{%22value%22:%22He le\u00eddo y acepto la pol\u00edtica de privacidad de datos%22,%22checked%22:0,%22dragID%22:-1}%93&#8243; fullwidth_field=\u00bbon\u00bb _builder_version=\u00bb4.27.4&#8243; _module_preset=\u00bbdefault\u00bb global_colors_info=\u00bb{}\u00bb][\/et_pb_contact_field][\/et_pb_contact_form][\/et_pb_column][\/et_pb_row][\/et_pb_section]<\/p>\n","protected":false},"excerpt":{"rendered":"<p>Dolat Cafeter\u00eda Tu bar cafeter\u00eda de confianza en Torrevieja (Alicante) En Dolat Cafeter\u00eda, te ofrecemos un espacio acogedor y familiar donde disfrutar de desayunos, caf\u00e9s, tapas y comidas caseras en el centro de Torrevieja. Ubicados en Urb. Pueblo Centro, Manzana IV, N\u00ba 12, Pta. D, 03183 Torrevieja (Alicante), somos el punto de encuentro ideal para [&hellip;]<\/p>\n","protected":false},"author":1,"featured_media":0,"parent":0,"menu_order":0,"comment_status":"closed","ping_status":"closed","template":"","meta":{"_et_pb_use_builder":"on","_et_pb_old_content":"","_et_gb_content_width":"","footnotes":""},"class_list":["post-9","page","type-page","status-publish","hentry"],"yoast_head":"<!-- This site is optimized with the Yoast SEO plugin v25.6 - https:\/\/yoast.com\/wordpress\/plugins\/seo\/ -->\n<title>Inicio - Dolat cafeteria<\/title>\n<meta name=\"robots\" content=\"index, follow, max-snippet:-1, max-image-preview:large, max-video-preview:-1\" \/>\n<link rel=\"canonical\" href=\"https:\/\/dolatcafeteria.com\/\" \/>\n<meta property=\"og:locale\" content=\"es_ES\" \/>\n<meta property=\"og:type\" content=\"article\" \/>\n<meta property=\"og:title\" content=\"Inicio - Dolat cafeteria\" \/>\n<meta property=\"og:description\" content=\"Dolat Cafeter\u00eda Tu bar cafeter\u00eda de confianza en Torrevieja (Alicante) En Dolat Cafeter\u00eda, te ofrecemos un espacio acogedor y familiar donde disfrutar de desayunos, caf\u00e9s, tapas y comidas caseras en el centro de Torrevieja. Ubicados en Urb. Pueblo Centro, Manzana IV, N\u00ba 12, Pta. D, 03183 Torrevieja (Alicante), somos el punto de encuentro ideal para [&hellip;]\" \/>\n<meta property=\"og:url\" content=\"https:\/\/dolatcafeteria.com\/\" \/>\n<meta property=\"og:site_name\" content=\"Dolat cafeteria\" \/>\n<meta property=\"article:modified_time\" content=\"2025-08-01T07:38:04+00:00\" \/>\n<meta property=\"og:image\" content=\"https:\/\/dolatcafeteria.com\/wp-content\/uploads\/2025\/05\/Logo-de-cafeteria-moderno-marron-1.png\" \/>\n\t<meta property=\"og:image:width\" content=\"500\" \/>\n\t<meta property=\"og:image:height\" content=\"500\" \/>\n\t<meta property=\"og:image:type\" content=\"image\/png\" \/>\n<meta name=\"twitter:card\" content=\"summary_large_image\" \/>\n<meta name=\"twitter:label1\" content=\"Tiempo de lectura\" \/>\n\t<meta name=\"twitter:data1\" content=\"6 minutos\" \/>\n<script type=\"application\/ld+json\" class=\"yoast-schema-graph\">{\"@context\":\"https:\/\/schema.org\",\"@graph\":[{\"@type\":\"WebPage\",\"@id\":\"https:\/\/dolatcafeteria.com\/\",\"url\":\"https:\/\/dolatcafeteria.com\/\",\"name\":\"Inicio - Dolat cafeteria\",\"isPartOf\":{\"@id\":\"https:\/\/dolatcafeteria.com\/#website\"},\"datePublished\":\"2025-05-21T12:06:23+00:00\",\"dateModified\":\"2025-08-01T07:38:04+00:00\",\"breadcrumb\":{\"@id\":\"https:\/\/dolatcafeteria.com\/#breadcrumb\"},\"inLanguage\":\"es\",\"potentialAction\":[{\"@type\":\"ReadAction\",\"target\":[\"https:\/\/dolatcafeteria.com\/\"]}]},{\"@type\":\"BreadcrumbList\",\"@id\":\"https:\/\/dolatcafeteria.com\/#breadcrumb\",\"itemListElement\":[{\"@type\":\"ListItem\",\"position\":1,\"name\":\"Portada\",\"item\":\"https:\/\/dolatcafeteria.com\/\"},{\"@type\":\"ListItem\",\"position\":2,\"name\":\"Inicio\"}]},{\"@type\":\"WebSite\",\"@id\":\"https:\/\/dolatcafeteria.com\/#website\",\"url\":\"https:\/\/dolatcafeteria.com\/\",\"name\":\"Dolat cafeteria\",\"description\":\"Especialistas en caf\u00e9 del bueno.\",\"alternateName\":\"Cafeter\u00eda Dolat\",\"potentialAction\":[{\"@type\":\"SearchAction\",\"target\":{\"@type\":\"EntryPoint\",\"urlTemplate\":\"https:\/\/dolatcafeteria.com\/?s={search_term_string}\"},\"query-input\":{\"@type\":\"PropertyValueSpecification\",\"valueRequired\":true,\"valueName\":\"search_term_string\"}}],\"inLanguage\":\"es\"}]}<\/script>\n<!-- \/ Yoast SEO plugin. -->","yoast_head_json":{"title":"Inicio - Dolat cafeteria","robots":{"index":"index","follow":"follow","max-snippet":"max-snippet:-1","max-image-preview":"max-image-preview:large","max-video-preview":"max-video-preview:-1"},"canonical":"https:\/\/dolatcafeteria.com\/","og_locale":"es_ES","og_type":"article","og_title":"Inicio - Dolat cafeteria","og_description":"Dolat Cafeter\u00eda Tu bar cafeter\u00eda de confianza en Torrevieja (Alicante) En Dolat Cafeter\u00eda, te ofrecemos un espacio acogedor y familiar donde disfrutar de desayunos, caf\u00e9s, tapas y comidas caseras en el centro de Torrevieja. Ubicados en Urb. Pueblo Centro, Manzana IV, N\u00ba 12, Pta. D, 03183 Torrevieja (Alicante), somos el punto de encuentro ideal para [&hellip;]","og_url":"https:\/\/dolatcafeteria.com\/","og_site_name":"Dolat cafeteria","article_modified_time":"2025-08-01T07:38:04+00:00","og_image":[{"width":500,"height":500,"url":"https:\/\/dolatcafeteria.com\/wp-content\/uploads\/2025\/05\/Logo-de-cafeteria-moderno-marron-1.png","type":"image\/png"}],"twitter_card":"summary_large_image","twitter_misc":{"Tiempo de lectura":"6 minutos"},"schema":{"@context":"https:\/\/schema.org","@graph":[{"@type":"WebPage","@id":"https:\/\/dolatcafeteria.com\/","url":"https:\/\/dolatcafeteria.com\/","name":"Inicio - Dolat cafeteria","isPartOf":{"@id":"https:\/\/dolatcafeteria.com\/#website"},"datePublished":"2025-05-21T12:06:23+00:00","dateModified":"2025-08-01T07:38:04+00:00","breadcrumb":{"@id":"https:\/\/dolatcafeteria.com\/#breadcrumb"},"inLanguage":"es","potentialAction":[{"@type":"ReadAction","target":["https:\/\/dolatcafeteria.com\/"]}]},{"@type":"BreadcrumbList","@id":"https:\/\/dolatcafeteria.com\/#breadcrumb","itemListElement":[{"@type":"ListItem","position":1,"name":"Portada","item":"https:\/\/dolatcafeteria.com\/"},{"@type":"ListItem","position":2,"name":"Inicio"}]},{"@type":"WebSite","@id":"https:\/\/dolatcafeteria.com\/#website","url":"https:\/\/dolatcafeteria.com\/","name":"Dolat cafeteria","description":"Especialistas en caf\u00e9 del bueno.","alternateName":"Cafeter\u00eda Dolat","potentialAction":[{"@type":"SearchAction","target":{"@type":"EntryPoint","urlTemplate":"https:\/\/dolatcafeteria.com\/?s={search_term_string}"},"query-input":{"@type":"PropertyValueSpecification","valueRequired":true,"valueName":"search_term_string"}}],"inLanguage":"es"}]}},"_links":{"self":[{"href":"https:\/\/dolatcafeteria.com\/index.php\/wp-json\/wp\/v2\/pages\/9","targetHints":{"allow":["GET"]}}],"collection":[{"href":"https:\/\/dolatcafeteria.com\/index.php\/wp-json\/wp\/v2\/pages"}],"about":[{"href":"https:\/\/dolatcafeteria.com\/index.php\/wp-json\/wp\/v2\/types\/page"}],"author":[{"embeddable":true,"href":"https:\/\/dolatcafeteria.com\/index.php\/wp-json\/wp\/v2\/users\/1"}],"replies":[{"embeddable":true,"href":"https:\/\/dolatcafeteria.com\/index.php\/wp-json\/wp\/v2\/comments?post=9"}],"version-history":[{"count":4,"href":"https:\/\/dolatcafeteria.com\/index.php\/wp-json\/wp\/v2\/pages\/9\/revisions"}],"predecessor-version":[{"id":41,"href":"https:\/\/dolatcafeteria.com\/index.php\/wp-json\/wp\/v2\/pages\/9\/revisions\/41"}],"wp:attachment":[{"href":"https:\/\/dolatcafeteria.com\/index.php\/wp-json\/wp\/v2\/media?parent=9"}],"curies":[{"name":"wp","href":"https:\/\/api.w.org\/{rel}","templated":true}]}}